{"id":87,"date":"2023-11-06T07:34:16","date_gmt":"2023-11-06T07:34:16","guid":{"rendered":"https:\/\/aegis.aegean.gr\/aegisplus\/?page_id=87"},"modified":"2023-11-08T19:13:37","modified_gmt":"2023-11-08T19:13:37","slug":"publications","status":"publish","type":"page","link":"https:\/\/aegis.aegean.gr\/aegisplus\/en\/publications\/","title":{"rendered":"Publications"},"content":{"rendered":"<div class=\"nicepage-container\"><div class=\"\" style=\"\" >        <script>\n            (function ($) {\n                var ResponsiveCms = window.ResponsiveCms;\n                if (!ResponsiveCms) {\n                    return;\n                }\n                ResponsiveCms.contentDom = $('script:last').parent();\n                ResponsiveCms.prevMode = \"SM\";\n\n                if (typeof ResponsiveCms.recalcClasses === 'function') {\n                    ResponsiveCms.recalcClasses();\n                }\n            })(jQuery);\n        <\/script>\n        \n    \n    <section class=\"u-align-left u-clearfix u-section-2\" id=\"sec-965f\">\n      <div class=\"u-clearfix u-sheet u-valign-middle u-sheet-1\">\n        <div class=\"fr-view u-clearfix u-rich-text u-text u-text-1\">\n          <p id=\"isPasted\">\u0391\u03c0\u03cc \u03c4\u03b7\u03bd \u03c5\u03bb\u03bf\u03c0\u03bf\u03af\u03b7\u03c3\u03b7 \u03c4\u03bf\u03c5 \u03ad\u03c1\u03b3\u03bf\u03c5 \u201c\u03a0\u03b1\u03c1\u03b1\u03c4\u03b7\u03c1\u03b7\u03c4\u03ae\u03c1\u03b9\u03bf \u03a0\u03b1\u03c1\u03ac\u03ba\u03c4\u03b9\u03bf\u03c5 \u03a0\u03b5\u03c1\u03b9\u03b2\u03ac\u03bb\u03bb\u03bf\u03bd\u03c4\u03bf\u03c2 \u03ba\u03b1\u03b9 \u0394\u03b9\u03b1\u03c7\u03b5\u03af\u03c1\u03b9\u03c3\u03b7 \u039a\u03b9\u03bd\u03b4\u03cd\u03bd\u03c9\u03bd \u03c3\u03b5 \u039d\u03b7\u03c3\u03b9\u03c9\u03c4\u03b9\u03ba\u03ad\u03c2 \u03a0\u03b5\u03c1\u03b9\u03bf\u03c7\u03ad\u03c2\u201d \u03ad\u03c7\u03bf\u03c5\u03bd \u03c0\u03b1\u03c1\u03b1\u03c7\u03b8\u03b5\u03af \u03bc\u03ad\u03c7\u03c1\u03b9 \u03c3\u03ae\u03bc\u03b5\u03c1\u03b1 \u03bf\u03b9 \u03c0\u03b1\u03c1\u03b1\u03ba\u03ac\u03c4\u03c9 \u03b4\u03b7\u03bc\u03bf\u03c3\u03b9\u03b5\u03cd\u03c3\u03b5\u03b9\u03c2:<\/p>\n          <p style=\"line-height: 100%; margin-bottom: 0in;\">\n            <br>\n          <\/p>\n          <p>\u0394\u0397\u039c\u039f\u03a3\u0399\u0395\u03a5\u03a3\u0395\u0399\u03a3 \u03a3\u0395 \u0395\u03a0\u0399\u03a3\u03a4\u0397\u039c\u039f\u039d\u0399\u039a\u0391 \u03a0\u0395\u03a1\u0399\u039f\u0394\u0399\u039a\u0391 \u039c\u0395 \u039a\u03a1\u0399\u03a4\u0395\u03a3<\/p>\n          <p style=\"line-height: 100%; margin-bottom: 0in;\">\n            <br>\n          <\/p>\n          <p>Garrabou, J., G\u00f3mez-Gras, D., Medrano, A., Cerrano, C., Ponti, M., Schlegel, R., Bensoussan, N., Turicchia, E., Sini, M., Gerovasileiou, V., Teixido, N., Mirasole, A., Tamburello, L., Cebrian, E., Rilov, G., Ledoux, J. B., Souissi, J. B., Khamassi, F., Ghanem, R., \u2026 Harmelin, J. G. (2022). Marine heatwaves drive recurrent mass mortalities in the Mediterranean Sea. Global Change Biology, 28(19), 5708\u20135725. <a class=\"u-active-none u-border-none u-btn u-button-style u-hover-none u-none u-text-palette-1-base u-btn-1\" href=\"https:\/\/doi.org\/10.1111\/gcb.16301\" rel=\"noopener noreferrer\" target=\"_blank\">https:\/\/doi.org\/10.1111\/gcb.16301<\/a>\n          <\/p>\n          <p style=\"line-height: 100%; margin-left: 0.2in; text-indent: -0.24in; margin-bottom: 0in; background: transparent;\">\n            <br>\n          <\/p>\n          <p>Joumar, N., Nabih, S., Chatzipavlis, A., Velegrakis, A., Hasiotis, T., Tzoraki, O., Messari, J. E. S. E., &amp; Benaabidate, L. (2023). A Qualitative Assessment of River Plumes Coupling SWAT Model Simulations and a Beach Optical Monitoring System. Hydrology, 10(2). <a class=\"u-active-none u-border-none u-btn u-button-style u-hover-none u-none u-text-palette-1-base u-btn-2\" href=\"https:\/\/doi.org\/10.3390\/hydrology10020038\" rel=\"noopener noreferrer\" target=\"_blank\">https:\/\/doi.org\/10.3390\/hydrology10020038<\/a>\n          <\/p>\n          <p style=\"line-height: 100%; margin-left: 0.2in; text-indent: -0.24in; margin-bottom: 0in; background: transparent;\">\n            <br>\n          <\/p>\n          <p>Koutsovili, E. I., Tzoraki, O., Kalli, A. A., Provatas, S., &amp; Gaganis, P. (2023). Participatory approaches for planning nature-based solutions in flood vulnerable landscapes. Environmental Science and Policy, 140, 12\u201323. <a class=\"u-active-none u-border-none u-btn u-button-style u-hover-none u-none u-text-palette-1-base u-btn-3\" href=\"https:\/\/doi.org\/10.1016\/j.envsci.2022.11.012\" rel=\"noopener noreferrer\" target=\"_blank\">https:\/\/doi.org\/10.1016\/j.envsci.2022.11.012<\/a>\n          <\/p>\n          <p style=\"line-height: 100%; margin-left: 0.2in; text-indent: -0.24in; margin-bottom: 0in; background: transparent;\">\n            <br>\n          <\/p>\n          <p>Kytinou, E., Zotou, M., Virgili, R., Crocetta, F., &amp; Katsanevakis, S. (2022). The Indo-Pacific nudibranch Baeolidia moebii Bergh, 1888 in Greece, with the first documented spawning aggregation in the Mediterranean Sea. BioInvasions Records, 11(2), 461\u2013472. <a class=\"u-active-none u-border-none u-btn u-button-style u-hover-none u-none u-text-palette-1-base u-btn-4\" href=\"https:\/\/doi.org\/10.3391\/bir.2022.11.2.19\" rel=\"noopener noreferrer\" target=\"_blank\">https:\/\/doi.org\/10.3391\/bir.2022.11.2.19<\/a>\n          <\/p>\n          <p style=\"line-height: 100%; margin-left: 0.2in; text-indent: -0.24in; margin-bottom: 0in; background: transparent;\">\n            <br>\n          <\/p>\n          <p>Menemenlis, D., Palaiologou, P., &amp; Kalabokidis, K. (2023). Wildfire-Residential Risk Analysis Using Building Characteristics and Simulations to Enhance Structural Fire Resistance in Greece. Fire, 6(10). <a class=\"u-active-none u-border-none u-btn u-button-style u-hover-none u-none u-text-palette-1-base u-btn-5\" href=\"https:\/\/doi.org\/10.3390\/fire6100403\" rel=\"noopener noreferrer\" target=\"_blank\">https:\/\/doi.org\/10.3390\/fire6100403<\/a>\n          <\/p>\n          <p style=\"line-height: 100%; margin-left: 0.2in; text-indent: -0.24in; margin-bottom: 0in; background: transparent;\">\n            <br>\n          <\/p>\n          <p>Nabih, S., Tzoraki, O., Zanis, P., Tsikerdekis, T., Akritidis, D., Kontogeorgos, I., &amp; Benaabidate, L. (2021). Alteration of the ecohydrological status of the intermittent flow rivers and ephemeral streams due to the climate change impact (Case study: Tsiknias river). Hydrology, 8(1). <a class=\"u-active-none u-border-none u-btn u-button-style u-hover-none u-none u-text-palette-1-base u-btn-6\" href=\"https:\/\/doi.org\/10.3390\/hydrology8010043\" rel=\"noopener noreferrer\" target=\"_blank\">https:\/\/doi.org\/10.3390\/hydrology8010043<\/a>\n          <\/p>\n          <p style=\"line-height: 100%; margin-left: 0.2in; text-indent: -0.24in; margin-bottom: 0in; background: transparent;\">\n            <br>\n          <\/p>\n          <p>Palaiologou, P., Kalabokidis, K., Day, M. A., &amp; Kopsachilis, V. (2020). Evaluating socioecological wildfire effects in greece with a novel numerical index. Fire, 3(4), 1\u201353. <a class=\"u-active-none u-border-none u-btn u-button-style u-hover-none u-none u-text-palette-1-base u-btn-7\" href=\"https:\/\/doi.org\/10.3390\/fire3040063\" rel=\"noopener noreferrer\" target=\"_blank\">https:\/\/doi.org\/10.3390\/fire3040063<\/a>\n          <\/p>\n          <p style=\"line-height: 100%; margin-left: 0.2in; text-indent: -0.24in; margin-bottom: 0in; background: transparent;\">\n            <br>\n          <\/p>\n          <p>Ragkousis, M., Zenetos, A., Souissi, J. B., Hoffman, R., Ghanem, R., Ta\u015fk\u0131n, E., Muresan, M., Karpova, E., Slynko, E., Da\u011fl\u0131, E., Forti\u010d, A., Surugiu, V., Ma\u010di\u0107, V., Trkov, D., Bahri, W. R., Tsiamis, K., Ramos-Espla, A. A., Petovi\u0107, S., Ferrario, J., \u2026 Katsanevakis, S. (2023). Unpublished Mediterranean and Black Sea records of marine alien, cryptogenic, and neonative species. BioInvasions Records, 12(2), 339\u2013369. <a class=\"u-active-none u-border-none u-btn u-button-style u-hover-none u-none u-text-palette-1-base u-btn-8\" href=\"https:\/\/doi.org\/10.3391\/bir.2023.12.2.01\" rel=\"noopener noreferrer\" target=\"_blank\">https:\/\/doi.org\/10.3391\/bir.2023.12.2.01<\/a>\n          <\/p>\n          <p style=\"line-height: 100%; margin-left: 0.2in; text-indent: -0.24in; margin-bottom: 0in; background: transparent;\">\n            <br>\n          <\/p>\n          <p>Savin, A., Sini, M., Xynogala, I., Lioupa, V., Vougioukalou, K., Stamatis, K., No\u00e8, S., Ragkousis, M., Gerovasileiou, V., Dailianis, T., &amp; Katsanevakis, S. (2023). Assessment of macroalgal communities on shallow rocky reefs in the Aegean Sea indicates an impoverished ecological status. Mediterranean Marine Science, 24(2), 241\u2013258. <a class=\"u-active-none u-border-none u-btn u-button-style u-hover-none u-none u-text-palette-1-base u-btn-9\" href=\"https:\/\/doi.org\/10.12681\/mms.31034\" rel=\"noopener noreferrer\" target=\"_blank\">https:\/\/doi.org\/10.12681\/mms.31034<\/a>\n          <\/p>\n          <p style=\"line-height: 100%; margin-left: 0.2in; text-indent: -0.24in; margin-bottom: 0in; background: transparent;\">\n            <br>\n          <\/p>\n          <p>Siarkos, I., Arfaoui, M., Tzoraki, O., Zammouri, M., &amp; Hamzaoui-Azaza, F. (2023). Implementation and evaluation of different techniques to modify DRASTIC method for groundwater vulnerability assessment: a case study from Bouficha aquifer, Tunisia. Environmental Science and Pollution Research, 30(38), 89459\u201389478. <a class=\"u-active-none u-border-none u-btn u-button-style u-hover-none u-none u-text-palette-1-base u-btn-10\" href=\"https:\/\/doi.org\/10.1007\/s11356-023-28625-3\" rel=\"noopener noreferrer\" target=\"_blank\">https:\/\/doi.org\/10.1007\/s11356-023-28625-3<\/a>\n          <\/p>\n        <\/div>\n      <\/div>\n    <\/section>\n    \n    \n    \n    \n  \n<\/div><\/div>","protected":false},"excerpt":{"rendered":"<p>\u0391\u03c0\u03cc \u03c4\u03b7\u03bd \u03c5\u03bb\u03bf\u03c0\u03bf\u03af\u03b7\u03c3\u03b7 \u03c4\u03bf\u03c5 \u03ad\u03c1\u03b3\u03bf\u03c5 \u201c\u03a0\u03b1\u03c1\u03b1\u03c4\u03b7\u03c1\u03b7\u03c4\u03ae\u03c1\u03b9\u03bf \u03a0\u03b1\u03c1\u03ac\u03ba\u03c4\u03b9\u03bf\u03c5 \u03a0\u03b5\u03c1\u03b9\u03b2\u03ac\u03bb\u03bb\u03bf\u03bd\u03c4\u03bf\u03c2 \u03ba\u03b1\u03b9 \u0394\u03b9\u03b1\u03c7\u03b5\u03af\u03c1\u03b9\u03c3\u03b7 \u039a\u03b9\u03bd\u03b4\u03cd\u03bd\u03c9\u03bd \u03c3\u03b5 \u039d\u03b7\u03c3\u03b9\u03c9\u03c4\u03b9\u03ba\u03ad\u03c2 \u03a0\u03b5\u03c1\u03b9\u03bf\u03c7\u03ad\u03c2\u201d \u03ad\u03c7\u03bf\u03c5\u03bd \u03c0\u03b1\u03c1\u03b1\u03c7\u03b8\u03b5\u03af \u03bc\u03ad\u03c7\u03c1\u03b9 \u03c3\u03ae\u03bc\u03b5\u03c1\u03b1 \u03bf\u03b9 \u03c0\u03b1\u03c1\u03b1\u03ba\u03ac\u03c4\u03c9 \u03b4\u03b7\u03bc\u03bf\u03c3\u03b9\u03b5\u03cd\u03c3\u03b5\u03b9\u03c2: \u0394\u0397\u039c\u039f\u03a3\u0399\u0395\u03a5\u03a3\u0395\u0399\u03a3 \u03a3\u0395 \u0395\u03a0\u0399\u03a3\u03a4\u0397\u039c\u039f\u039d\u0399\u039a\u0391 \u03a0\u0395\u03a1\u0399\u039f\u0394\u0399\u039a\u0391 \u039c\u0395 \u039a\u03a1\u0399\u03a4\u0395\u03a3 Garrabou, J., G\u00f3mez-Gras, D., Medrano, A., Cerrano, C., Ponti, M., Schlegel, R., Bensoussan, N., Turicchia, E., Sini, M., Gerovasileiou, V., Teixido, N., Mirasole, [&hellip;]<\/p>\n","protected":false},"author":1,"featured_media":0,"parent":0,"menu_order":0,"comment_status":"closed","ping_status":"closed","template":"page-templates\/template-fullwidth.php","meta":{"_acf_changed":false,"footnotes":""},"class_list":["post-87","page","type-page","status-publish","hentry"],"acf":[],"_links":{"self":[{"href":"https:\/\/aegis.aegean.gr\/aegisplus\/en\/wp-json\/wp\/v2\/pages\/87","targetHints":{"allow":["GET"]}}],"collection":[{"href":"https:\/\/aegis.aegean.gr\/aegisplus\/en\/wp-json\/wp\/v2\/pages"}],"about":[{"href":"https:\/\/aegis.aegean.gr\/aegisplus\/en\/wp-json\/wp\/v2\/types\/page"}],"author":[{"embeddable":true,"href":"https:\/\/aegis.aegean.gr\/aegisplus\/en\/wp-json\/wp\/v2\/users\/1"}],"replies":[{"embeddable":true,"href":"https:\/\/aegis.aegean.gr\/aegisplus\/en\/wp-json\/wp\/v2\/comments?post=87"}],"version-history":[{"count":3,"href":"https:\/\/aegis.aegean.gr\/aegisplus\/en\/wp-json\/wp\/v2\/pages\/87\/revisions"}],"predecessor-version":[{"id":194,"href":"https:\/\/aegis.aegean.gr\/aegisplus\/en\/wp-json\/wp\/v2\/pages\/87\/revisions\/194"}],"wp:attachment":[{"href":"https:\/\/aegis.aegean.gr\/aegisplus\/en\/wp-json\/wp\/v2\/media?parent=87"}],"curies":[{"name":"wp","href":"https:\/\/api.w.org\/{rel}","templated":true}]}}